{"id":89,"date":"2019-06-20T13:47:16","date_gmt":"2019-06-20T13:47:16","guid":{"rendered":"http:\/\/glandien-bau.de\/gb\/?page_id=89"},"modified":"2019-07-12T05:09:08","modified_gmt":"2019-07-12T05:09:08","slug":"unsere-leistungen-im-ueberblick","status":"publish","type":"page","link":"https:\/\/glandien-bau.de\/?page_id=89","title":{"rendered":"Unsere Leistungen im \u00dcberblick"},"content":{"rendered":"\n<p>Zu unseren Leistungen geh\u00f6rt nicht nur die Angebotserstellung, sondern viel mehr die Umsetzung und Beratung unserer Kunden. In den folgenden Punkten erhalten Sie einen \u00dcberblick \u00fcber unsere T\u00e4tigkeitsfelder:<\/p>\n\n\n\n<ul><li>Planung und Koordinierung von Bauvorhaben <\/li><li>Fliesenarbeiten <\/li><li>Raumgestaltung durch Trockenbauelemente<\/li><li>Sanierung von Altbauten <\/li><li>&#8230; <\/li><\/ul>\n","protected":false},"excerpt":{"rendered":"<p>Zu unseren Leistungen geh\u00f6rt nicht nur die Angebotserstellung, sondern viel mehr die Umsetzung und Beratung unserer Kunden. In [&hellip;]<\/p>\n","protected":false},"author":1,"featured_media":92,"parent":0,"menu_order":0,"comment_status":"closed","ping_status":"closed","template":"","meta":[],"_links":{"self":[{"href":"https:\/\/glandien-bau.de\/index.php?rest_route=\/wp\/v2\/pages\/89"}],"collection":[{"href":"https:\/\/glandien-bau.de\/index.php?rest_route=\/wp\/v2\/pages"}],"about":[{"href":"https:\/\/glandien-bau.de\/index.php?rest_route=\/wp\/v2\/types\/page"}],"author":[{"embeddable":true,"href":"https:\/\/glandien-bau.de\/index.php?rest_route=\/wp\/v2\/users\/1"}],"replies":[{"embeddable":true,"href":"https:\/\/glandien-bau.de\/index.php?rest_route=%2Fwp%2Fv2%2Fcomments&post=89"}],"version-history":[{"count":1,"href":"https:\/\/glandien-bau.de\/index.php?rest_route=\/wp\/v2\/pages\/89\/revisions"}],"predecessor-version":[{"id":90,"href":"https:\/\/glandien-bau.de\/index.php?rest_route=\/wp\/v2\/pages\/89\/revisions\/90"}],"wp:featuredmedia":[{"embeddable":true,"href":"https:\/\/glandien-bau.de\/index.php?rest_route=\/wp\/v2\/media\/92"}],"wp:attachment":[{"href":"https:\/\/glandien-bau.de\/index.php?rest_route=%2Fwp%2Fv2%2Fmedia&parent=89"}],"curies":[{"name":"wp","href":"https:\/\/api.w.org\/{rel}","templated":true}]}}