{"id":129,"date":"2019-07-12T06:33:54","date_gmt":"2019-07-12T06:33:54","guid":{"rendered":"http:\/\/glandien-bau.de\/?page_id=129"},"modified":"2019-07-13T20:28:53","modified_gmt":"2019-07-13T20:28:53","slug":"impressum","status":"publish","type":"page","link":"https:\/\/glandien-bau.de\/?page_id=129","title":{"rendered":"Impressum"},"content":{"rendered":"\n<h3>Angaben gem\u00e4\u00df \u00a7 5 Telemediengesetz<\/h3>\n\n\n\n<p><strong>Allgemeine Informationen<\/strong><\/p>\n\n\n\n<p><strong>Fliesenfachbetrieb Thomas Glandien<\/strong><br>Geyersche Str. 16<br>09419 Thum \/ OT Jahnsbach<\/p>\n\n\n\n<p>Tel.: +49 37297 47 65 56<br>Mail: kontakt@glandien-bau.de<\/p>\n\n\n\n<p>Inhaber: Thomas Glandien<\/p>\n\n\n\n<p><strong>Weitere Informationen<\/strong>\n1. Wir \u00fcbernehmen keinerlei Gew\u00e4hr f\u00fcr die Aktualit\u00e4t, \nKorrektheit, Vollst\u00e4ndigkeit oder Qualit\u00e4t der bereitgestellten \nInformationen. Haftungsanspr\u00fcche gegen den Autor, die sich auf Sch\u00e4den \nmaterieller oder ideeller Art beziehen, welche durch die Nutzung oder \nNichtnutzung der dargebotenen Informationen bzw. durch die Nutzung \nfehlerhafter und unvollst\u00e4ndiger Informationen verursacht wurden, sind \nausgeschlossen. Alle Angebote sind freibleibend und unverbindlich.\n2. Wir sind bestrebt, in allen Publikationen die Urheberrechte \nder verwendeten Grafiken, Sounds und Texte zu beachten bzw. lizenzfreie \nGrafiken, Sounds und Texte zu verwenden. Sollte sich auf den jeweiligen \nSeiten dennoch eine durch Copyright gesch\u00fctzte Grafik, ein Sound oder \nText befinden, so konnte das Copyright vom Autor nicht festgestellt \nwerden. Im Falle einer solchen unbeabsichtigten Copyrightverletzung \nwerden wir das entsprechende Objekt nach Benachrichtigung aus seiner \nPublikation entfernen bzw. mit dem entsprechenden Copyright kenntlich \nmachen.\n3. Alle innerhalb des Internetangebotes genannten und ggf. \ndurch Dritte gesch\u00fctzten Marken- und Warenzeichen unterliegen \nuneingeschr\u00e4nkt den Bestimmungen des jeweils g\u00fcltigen Kennzeichenrechts \nund den Besitzrechten der jeweiligen eingetragenen Eigent\u00fcmer. Allein \naufgrund der blo\u00dfen Nennung ist nicht der Schlu\u00df zu ziehen, dass \nMarkenzeichen nicht durch Rechte Dritter gesch\u00fctzt sind!\n4. Das Copyright f\u00fcr ver\u00f6ffentlichte, vom Autor selbst \nerstellte Objekte bleibt allein beim Autor der Seiten. Eine \nVervielf\u00e4ltigung oder Verwendung solcher Grafiken, Tondokumente, \nVideosequenzen und Texte in anderen elektronischen oder gedruckten \nPublikationen ist ohne ausdr\u00fcckliche Zustimmung des Autors nicht \ngestattet.\n5. Bei unseren externen Links handelt es sich um eine \nsubjektive Auswahl von Verweisen auf andere Internetseiten. F\u00fcr den \nInhalt dieser Seiten sind die jeweiligen Betreiber\/Verfasser selbst \nverantwortlich und haftbar. Von etwaigen illegalen, \npers\u00f6nlichkeitsverletzenden, moralisch oder ethisch anst\u00f6\u00dfigen Inhalten \ndistanzieren ich mich in aller Deutlichkeit. Bitte informiere mich, wenn\n ich auf ein solches Angebot linken sollten.\n6. Wir sind als Inhaltsanbieter f\u00fcr die eigenen Inhalte, die er\n zur Nutzung bereith\u00e4lt, nach den jeweiligen allgemeinen Gesetzen \nverantwortlich. Von diesen eigenen Inhalten sind Querverweise (\u201cLinks\u201d) \nauf die von anderen Anbietern bereitgehaltenen Inhalte zu unterscheiden.\n F\u00fcr diese fremden Inhalte ist der Anbieter\/Betreiber nur dann \nverantwortlich, wenn von ihnen (d.h. auch von einem rechtswidrigen bzw. \nstrafbaren Inhalt) positive Kenntnis vorliegt und es technisch m\u00f6glich \nund zumutbar ist, deren Nutzung zu verhindern..\n7. Bei \u201cLinks\u201d handelt es sich allerdings stets um \u201clebende\u201d \n(dynamische) Verweisungen. Wir habe bei der erstmaligen Verkn\u00fcpfung zwar\n den fremden Inhalt daraufhin \u00fcberpr\u00fcft, ob durch ihn eine m\u00f6gliche \nzivilrechtliche oder strafrechtliche Verantwortlichkeit ausgel\u00f6st wird. \nDer Inhaltsanbieter ist aber nicht dazu verpflichtet, die Inhalte, auf \ndie er in seinem Angebot verweist, st\u00e4ndig auf Ver\u00e4nderungen zu \n\u00fcberpr\u00fcfen, die eine Verantwortlichkeit neu begr\u00fcnden k\u00f6nnten. Erst wenn\n er feststellt oder von anderen darauf hingewiesen wird, dass ein \nkonkretes Angebot, zu dem er einen Link bereitgestellt hat, eine zivil- \noder strafrechtliche Verantwortlichkeit ausl\u00f6st, wird er den Verweis auf\n dieses Angebot aufheben, soweit ihm dies technisch m\u00f6glich und zumutbar\n ist. Die technische M\u00f6glichkeit und Zumutbarkeit wird nicht dadurch \nbeeinflusst, dass auch nach Unterbindung des Zugriffs von unserer \nHomepage und anderen Servern aus auf das rechtswidrige oder strafbare \nAngebot zugegriffen werden kann.\n<strong><em>Rechtswirksamkeit<\/em><\/strong><br>\nDieser Haftungsausschluss ist als Teil des Internet- und \nInhaltsangebotes zu betrachten. Sofern Teile oder einzelne \nFormulierungen dieses Textes der geltenden Rechtslage nicht, nicht mehr \noder nicht vollst\u00e4ndig entsprechen, bleiben die \u00fcbrigen Teile des \nDokumentes in ihrem Inhalt und ihrer G\u00fcltigkeit unber\u00fchrt.\n<\/p>\n\n\n\n<p><em><strong>Hinweis: <\/strong><\/em>Aus Gr\u00fcnden der Lesbarkeit wurde \nin unseren Texten \u00fcberwiegend die m\u00e4nnliche Form gew\u00e4hlt, \nnichtsdestoweniger beziehen sich die Angaben auf Angeh\u00f6rige beider \nGeschlechter.<\/p>\n\n\n\n<p>Diese Website verwendet Cookies, der Benutzer akzeptiert diese durch das weiterlesen und scrollen der Webseite.<\/p>\n\n\n\n<p>Stand: 11. Juli 2019<\/p>\n","protected":false},"excerpt":{"rendered":"<p>Angaben gem\u00e4\u00df \u00a7 5 Telemediengesetz Allgemeine Informationen Fliesenfachbetrieb Thomas GlandienGeyersche Str. 1609419 Thum \/ OT Jahnsbach Tel.: +49 [&hellip;]<\/p>\n","protected":false},"author":1,"featured_media":0,"parent":0,"menu_order":0,"comment_status":"closed","ping_status":"closed","template":"","meta":[],"_links":{"self":[{"href":"https:\/\/glandien-bau.de\/index.php?rest_route=\/wp\/v2\/pages\/129"}],"collection":[{"href":"https:\/\/glandien-bau.de\/index.php?rest_route=\/wp\/v2\/pages"}],"about":[{"href":"https:\/\/glandien-bau.de\/index.php?rest_route=\/wp\/v2\/types\/page"}],"author":[{"embeddable":true,"href":"https:\/\/glandien-bau.de\/index.php?rest_route=\/wp\/v2\/users\/1"}],"replies":[{"embeddable":true,"href":"https:\/\/glandien-bau.de\/index.php?rest_route=%2Fwp%2Fv2%2Fcomments&post=129"}],"version-history":[{"count":2,"href":"https:\/\/glandien-bau.de\/index.php?rest_route=\/wp\/v2\/pages\/129\/revisions"}],"predecessor-version":[{"id":136,"href":"https:\/\/glandien-bau.de\/index.php?rest_route=\/wp\/v2\/pages\/129\/revisions\/136"}],"wp:attachment":[{"href":"https:\/\/glandien-bau.de\/index.php?rest_route=%2Fwp%2Fv2%2Fmedia&parent=129"}],"curies":[{"name":"wp","href":"https:\/\/api.w.org\/{rel}","templated":true}]}}